{"id":1002,"date":"2016-05-29T23:13:41","date_gmt":"2016-05-29T21:13:41","guid":{"rendered":"http:\/\/www.officina29architetti.it\/?page_id=1002&#038;lang=en"},"modified":"2017-07-22T12:25:21","modified_gmt":"2017-07-22T10:25:21","slug":"marta-bonesu","status":"publish","type":"page","link":"https:\/\/www.officina29architetti.it\/en\/marta-bonesu\/","title":{"rendered":"Marta Bonesu"},"content":{"rendered":"<p>[et_pb_section admin_label=&#8221;section&#8221;][et_pb_row admin_label=&#8221;row&#8221;][et_pb_column type=&#8221;4_4&#8243;][et_pb_team_member admin_label=&#8221;Marta Bonesu&#8221; name=&#8221;Marta Bonesu&#8221; position=&#8221;Architect&#8221; image_url=&#8221;http:\/\/www.officina29architetti.it\/wp-content\/uploads\/2016\/04\/6-marta-bonesu.jpg&#8221; animation=&#8221;off&#8221; background_layout=&#8221;light&#8221; use_border_color=&#8221;off&#8221; border_color=&#8221;#ffffff&#8221; border_style=&#8221;solid&#8221;]<\/p>\n<p>&nbsp;<\/p>\n<p><strong>Marta Bonesu<\/strong>, architect, was born in 1989 in Iglesias. Graduated in 2008 at Liceo Scientifico, she decided to embark on the road toward her biggest dream: architecture.<\/p>\n<p>During her university career at the University of Architecture in Alghero, she is enriched with two important international experiences. In 2011, she undertook an internship in <strong>Seville<\/strong>, at the <strong>Estudio Carbajal<\/strong>, during which she worked at international competitions and began to touch the frenetic life of a professional studio.<\/p>\n<p>In 2012, thanks to the Erasmus Program, she decides to attend her last year of studies in the cold north of Sweden, at the prestigious <strong>Lule\u00e5 University of Technology<\/strong>: here she applied to courses about sustainable architecture, graphic design, 3D modeling and rendering &#8211; topics that fascinate her enormously and she is familiar with.<\/p>\n<p>In parallel, she worked at the <strong>Municipality of Lule\u00e5<\/strong>, in order to design an important area of the city. She placed, as well, the basis for her doctoral thesis, which she will continue and refine at her return to Italy, entitled \u201c<em>Design and living in a rigid climate: residential development on the waterfront of Lule\u00e5 (Sweden)<\/em>\u201d.<\/p>\n<p>She graduated in April 2014, with full marks.<\/p>\n<p>In 2015, during which she obtained the professional qualification, she joins <strong>Officina29 <\/strong>team. Here she takes care of many different topics: from the <strong>interior design<\/strong> to <strong>renovations<\/strong>, in all their phases, from the studio comunication to archiviz.<\/p>\n<p>Thanks to her international experiences and the running of an English blog about the architectures created by the writer JRR Tolkien, she is responsible for the translation of articles concerning the marketing actions of the studio, together with her colleague Alessandra. With her, in December 2015, she curated the design exhibition organized by Officina29.<\/p>\n<p>[\/et_pb_team_member][\/et_pb_column][\/et_pb_row][\/et_pb_section]<\/p>\n","protected":false},"excerpt":{"rendered":"<p>&nbsp; Marta Bonesu, architect, was born in 1989 in Iglesias. Graduated in 2008 at Liceo Scientifico, she decided to embark on the road toward her biggest dream: architecture. During her university career at the University of Architecture in Alghero, she is enriched with two important international experiences. In 2011, she undertook an internship in Seville, [&hellip;]<\/p>\n","protected":false},"author":1,"featured_media":0,"parent":0,"menu_order":0,"comment_status":"closed","ping_status":"closed","template":"","meta":{"_et_pb_use_builder":"on","_et_pb_old_content":"<p>[et_pb_section admin_label=\"section\"][et_pb_row admin_label=\"row\"][et_pb_column type=\"4_4\"][et_pb_team_member admin_label=\"Marta Bonesu\" name=\"Marta Bonesu\" position=\"Architetto\" image_url=\"http:\/\/www.officina29architetti.it\/wp-content\/uploads\/2016\/04\/6-marta-bonesu.jpg\" animation=\"off\" background_layout=\"light\" use_border_color=\"off\" border_color=\"#ffffff\" border_style=\"solid\"]<\/p><p><strong>Marta Bonesu, <\/strong>architetto, nasce nel 1989 a Iglesias. Diplomata nel 2008 al Liceo Scientifico, decide di intraprendere la strada verso il suo sogno pi\u00f9 grande: l\u2019architettura.<\/p><p>Durante la carriera universitaria alla Facolt\u00e0 di Architettura di Alghero, si arricchisce di due importanti esperienze estere. Nel 2011, svolge un tirocinio a <strong>Siviglia<\/strong>, presso l\u2019<strong>Estudio Carbajal<\/strong>, durante il quale lavora a concorsi internazionali e inizia a toccare con mano la vita frenetica di uno studio professionale.<\/p><p>Nel 2012, grazie al programma Erasmus, decide di svolgere il suo ultimo anno di studi nel freddo nord della Svezia, nella prestigiosa <strong>Lule\u00e5 University of Technology<\/strong>: qui frequenta corsi che spaziano dall\u2019architettura sostenibile, al graphic design, modellazione e renderizzazione 3D \u2013 tre campi che l\u2019appassionano enormemente e che impiega con dimestichezza.<\/p><p>Parallelamente, collabora presso il <strong>Municipio di Lule\u00e5<\/strong>, al fine di riprogettare un\u2019area importante della citt\u00e0. Mette, cos\u00ec, le basi per la sua tesi di laurea, che proseguir\u00e0 e affiner\u00e0 al rientro in Italia, dal titolo \u201c<em>Progettare e vivere in clima rigido: insediamento residenziale sul waterfront di Lule\u00e5 (Svezia)<\/em>\u201d.<\/p><p>Si laurea nell\u2019aprile del 2014, con il massimo dei voti.<\/p><p>Nel 2015, anno in cui consegue l\u2019abilitazione alla professione, entra a far parte del team di Officina29. Qui si occupa dei pi\u00f9 svariati temi: dall\u2019<strong>arredo<\/strong> su misura alle <strong>ristrutturazioni<\/strong>, in tutte le loro fasi.<\/p><p>Grazie alle esperienze estere e alla gestione di un blog in inglese sulle architetture ideate dallo scrittore JRR Tolkien, si occupa della traduzione di testi in lingua anglosassone relativi alle operazioni di marketing dello studio, in team con la collega Alessandra. Con quest\u2019ultima, nel dicembre 2015 ha curato la mostra di design realizzata dallo studio Officina29.<\/p><p>[\/et_pb_team_member][\/et_pb_column][\/et_pb_row][\/et_pb_section]<\/p>","_et_gb_content_width":"","footnotes":""},"class_list":["post-1002","page","type-page","status-publish","hentry"],"yoast_head":"<!-- This site is optimized with the Yoast SEO plugin v27.5 - https:\/\/yoast.com\/product\/yoast-seo-wordpress\/ -->\n<title>Marta Bonesu - Officina29 Architetti<\/title>\n<meta name=\"description\" content=\"Officina29 Architetti was born in 2008. Young firm based in northern Sardinia specialized in architecture, interior design, urban planning, landscape design\" \/>\n<meta name=\"robots\" content=\"index, follow, max-snippet:-1, max-image-preview:large, max-video-preview:-1\" \/>\n<link rel=\"canonical\" href=\"https:\/\/www.officina29architetti.it\/en\/marta-bonesu\/\" \/>\n<meta property=\"og:locale\" content=\"en_US\" \/>\n<meta property=\"og:type\" content=\"article\" \/>\n<meta property=\"og:title\" content=\"Marta Bonesu - Officina29 Architetti\" \/>\n<meta property=\"og:description\" content=\"Officina29 Architetti was born in 2008. Young firm based in northern Sardinia specialized in architecture, interior design, urban planning, landscape design\" \/>\n<meta property=\"og:url\" content=\"https:\/\/www.officina29architetti.it\/en\/marta-bonesu\/\" \/>\n<meta property=\"og:site_name\" content=\"Officina 29 Architetti\" \/>\n<meta property=\"article:publisher\" content=\"https:\/\/www.facebook.com\/Officina29ARCHITETTI\" \/>\n<meta property=\"article:modified_time\" content=\"2017-07-22T10:25:21+00:00\" \/>\n<meta property=\"og:image\" content=\"https:\/\/www.officina29architetti.it\/wp-content\/uploads\/2016\/04\/6-marta-bonesu.jpg\" \/>\n\t<meta property=\"og:image:width\" content=\"3343\" \/>\n\t<meta property=\"og:image:height\" content=\"3343\" \/>\n\t<meta property=\"og:image:type\" content=\"image\/jpeg\" \/>\n<meta name=\"twitter:card\" content=\"summary_large_image\" \/>\n<meta name=\"twitter:title\" content=\"Marta Bonesu - Officina29 Architetti\" \/>\n<meta name=\"twitter:description\" content=\"Officina29 Architetti was born in 2008. Young firm based in northern Sardinia specialized in architecture, interior design, urban planning, landscape design\" \/>\n<meta name=\"twitter:image\" content=\"http:\/\/www.officina29architetti.it\/wp-content\/uploads\/2016\/04\/6-marta-bonesu.jpg\" \/>\n<meta name=\"twitter:site\" content=\"@officina29a\" \/>\n<meta name=\"twitter:label1\" content=\"Est. reading time\" \/>\n\t<meta name=\"twitter:data1\" content=\"2 minutes\" \/>\n<script type=\"application\/ld+json\" class=\"yoast-schema-graph\">{\"@context\":\"https:\\\/\\\/schema.org\",\"@graph\":[{\"@type\":\"WebPage\",\"@id\":\"https:\\\/\\\/www.officina29architetti.it\\\/en\\\/marta-bonesu\\\/\",\"url\":\"https:\\\/\\\/www.officina29architetti.it\\\/en\\\/marta-bonesu\\\/\",\"name\":\"Marta Bonesu - Officina29 Architetti\",\"isPartOf\":{\"@id\":\"https:\\\/\\\/www.officina29architetti.it\\\/en\\\/#website\"},\"datePublished\":\"2016-05-29T21:13:41+00:00\",\"dateModified\":\"2017-07-22T10:25:21+00:00\",\"description\":\"Officina29 Architetti was born in 2008. Young firm based in northern Sardinia specialized in architecture, interior design, urban planning, landscape design\",\"breadcrumb\":{\"@id\":\"https:\\\/\\\/www.officina29architetti.it\\\/en\\\/marta-bonesu\\\/#breadcrumb\"},\"inLanguage\":\"en-US\",\"potentialAction\":[{\"@type\":\"ReadAction\",\"target\":[\"https:\\\/\\\/www.officina29architetti.it\\\/en\\\/marta-bonesu\\\/\"]}]},{\"@type\":\"BreadcrumbList\",\"@id\":\"https:\\\/\\\/www.officina29architetti.it\\\/en\\\/marta-bonesu\\\/#breadcrumb\",\"itemListElement\":[{\"@type\":\"ListItem\",\"position\":1,\"name\":\"Home\",\"item\":\"https:\\\/\\\/www.officina29architetti.it\\\/en\\\/\"},{\"@type\":\"ListItem\",\"position\":2,\"name\":\"Marta Bonesu\"}]},{\"@type\":\"WebSite\",\"@id\":\"https:\\\/\\\/www.officina29architetti.it\\\/en\\\/#website\",\"url\":\"https:\\\/\\\/www.officina29architetti.it\\\/en\\\/\",\"name\":\"Officina 29 Architetti\",\"description\":\"Architettura, interior e landscape design\",\"publisher\":{\"@id\":\"https:\\\/\\\/www.officina29architetti.it\\\/en\\\/#organization\"},\"potentialAction\":[{\"@type\":\"SearchAction\",\"target\":{\"@type\":\"EntryPoint\",\"urlTemplate\":\"https:\\\/\\\/www.officina29architetti.it\\\/en\\\/?s={search_term_string}\"},\"query-input\":{\"@type\":\"PropertyValueSpecification\",\"valueRequired\":true,\"valueName\":\"search_term_string\"}}],\"inLanguage\":\"en-US\"},{\"@type\":\"Organization\",\"@id\":\"https:\\\/\\\/www.officina29architetti.it\\\/en\\\/#organization\",\"name\":\"Officina29 Architetti\",\"url\":\"https:\\\/\\\/www.officina29architetti.it\\\/en\\\/\",\"logo\":{\"@type\":\"ImageObject\",\"inLanguage\":\"en-US\",\"@id\":\"https:\\\/\\\/www.officina29architetti.it\\\/en\\\/#\\\/schema\\\/logo\\\/image\\\/\",\"url\":\"http:\\\/\\\/www.officina29architetti.it\\\/wp-content\\\/uploads\\\/2016\\\/04\\\/logo_officina29.png\",\"contentUrl\":\"http:\\\/\\\/www.officina29architetti.it\\\/wp-content\\\/uploads\\\/2016\\\/04\\\/logo_officina29.png\",\"width\":283,\"height\":22,\"caption\":\"Officina29 Architetti\"},\"image\":{\"@id\":\"https:\\\/\\\/www.officina29architetti.it\\\/en\\\/#\\\/schema\\\/logo\\\/image\\\/\"},\"sameAs\":[\"https:\\\/\\\/www.facebook.com\\\/Officina29ARCHITETTI\",\"https:\\\/\\\/x.com\\\/officina29a\",\"https:\\\/\\\/www.instagram.com\\\/officina29a\\\/\",\"https:\\\/\\\/it.pinterest.com\\\/officina29a\\\/\",\"https:\\\/\\\/www.youtube.com\\\/channel\\\/UCm0pG-ShQMNzaXMpvTfrkxg\"]}]}<\/script>\n<!-- \/ Yoast SEO plugin. -->","yoast_head_json":{"title":"Marta Bonesu - Officina29 Architetti","description":"Officina29 Architetti was born in 2008. Young firm based in northern Sardinia specialized in architecture, interior design, urban planning, landscape design","robots":{"index":"index","follow":"follow","max-snippet":"max-snippet:-1","max-image-preview":"max-image-preview:large","max-video-preview":"max-video-preview:-1"},"canonical":"https:\/\/www.officina29architetti.it\/en\/marta-bonesu\/","og_locale":"en_US","og_type":"article","og_title":"Marta Bonesu - Officina29 Architetti","og_description":"Officina29 Architetti was born in 2008. Young firm based in northern Sardinia specialized in architecture, interior design, urban planning, landscape design","og_url":"https:\/\/www.officina29architetti.it\/en\/marta-bonesu\/","og_site_name":"Officina 29 Architetti","article_publisher":"https:\/\/www.facebook.com\/Officina29ARCHITETTI","article_modified_time":"2017-07-22T10:25:21+00:00","og_image":[{"width":3343,"height":3343,"url":"https:\/\/www.officina29architetti.it\/wp-content\/uploads\/2016\/04\/6-marta-bonesu.jpg","type":"image\/jpeg"}],"twitter_card":"summary_large_image","twitter_title":"Marta Bonesu - Officina29 Architetti","twitter_description":"Officina29 Architetti was born in 2008. Young firm based in northern Sardinia specialized in architecture, interior design, urban planning, landscape design","twitter_image":"http:\/\/www.officina29architetti.it\/wp-content\/uploads\/2016\/04\/6-marta-bonesu.jpg","twitter_site":"@officina29a","twitter_misc":{"Est. reading time":"2 minutes"},"schema":{"@context":"https:\/\/schema.org","@graph":[{"@type":"WebPage","@id":"https:\/\/www.officina29architetti.it\/en\/marta-bonesu\/","url":"https:\/\/www.officina29architetti.it\/en\/marta-bonesu\/","name":"Marta Bonesu - Officina29 Architetti","isPartOf":{"@id":"https:\/\/www.officina29architetti.it\/en\/#website"},"datePublished":"2016-05-29T21:13:41+00:00","dateModified":"2017-07-22T10:25:21+00:00","description":"Officina29 Architetti was born in 2008. Young firm based in northern Sardinia specialized in architecture, interior design, urban planning, landscape design","breadcrumb":{"@id":"https:\/\/www.officina29architetti.it\/en\/marta-bonesu\/#breadcrumb"},"inLanguage":"en-US","potentialAction":[{"@type":"ReadAction","target":["https:\/\/www.officina29architetti.it\/en\/marta-bonesu\/"]}]},{"@type":"BreadcrumbList","@id":"https:\/\/www.officina29architetti.it\/en\/marta-bonesu\/#breadcrumb","itemListElement":[{"@type":"ListItem","position":1,"name":"Home","item":"https:\/\/www.officina29architetti.it\/en\/"},{"@type":"ListItem","position":2,"name":"Marta Bonesu"}]},{"@type":"WebSite","@id":"https:\/\/www.officina29architetti.it\/en\/#website","url":"https:\/\/www.officina29architetti.it\/en\/","name":"Officina 29 Architetti","description":"Architettura, interior e landscape design","publisher":{"@id":"https:\/\/www.officina29architetti.it\/en\/#organization"},"potentialAction":[{"@type":"SearchAction","target":{"@type":"EntryPoint","urlTemplate":"https:\/\/www.officina29architetti.it\/en\/?s={search_term_string}"},"query-input":{"@type":"PropertyValueSpecification","valueRequired":true,"valueName":"search_term_string"}}],"inLanguage":"en-US"},{"@type":"Organization","@id":"https:\/\/www.officina29architetti.it\/en\/#organization","name":"Officina29 Architetti","url":"https:\/\/www.officina29architetti.it\/en\/","logo":{"@type":"ImageObject","inLanguage":"en-US","@id":"https:\/\/www.officina29architetti.it\/en\/#\/schema\/logo\/image\/","url":"http:\/\/www.officina29architetti.it\/wp-content\/uploads\/2016\/04\/logo_officina29.png","contentUrl":"http:\/\/www.officina29architetti.it\/wp-content\/uploads\/2016\/04\/logo_officina29.png","width":283,"height":22,"caption":"Officina29 Architetti"},"image":{"@id":"https:\/\/www.officina29architetti.it\/en\/#\/schema\/logo\/image\/"},"sameAs":["https:\/\/www.facebook.com\/Officina29ARCHITETTI","https:\/\/x.com\/officina29a","https:\/\/www.instagram.com\/officina29a\/","https:\/\/it.pinterest.com\/officina29a\/","https:\/\/www.youtube.com\/channel\/UCm0pG-ShQMNzaXMpvTfrkxg"]}]}},"_links":{"self":[{"href":"https:\/\/www.officina29architetti.it\/en\/wp-json\/wp\/v2\/pages\/1002","targetHints":{"allow":["GET"]}}],"collection":[{"href":"https:\/\/www.officina29architetti.it\/en\/wp-json\/wp\/v2\/pages"}],"about":[{"href":"https:\/\/www.officina29architetti.it\/en\/wp-json\/wp\/v2\/types\/page"}],"author":[{"embeddable":true,"href":"https:\/\/www.officina29architetti.it\/en\/wp-json\/wp\/v2\/users\/1"}],"replies":[{"embeddable":true,"href":"https:\/\/www.officina29architetti.it\/en\/wp-json\/wp\/v2\/comments?post=1002"}],"version-history":[{"count":2,"href":"https:\/\/www.officina29architetti.it\/en\/wp-json\/wp\/v2\/pages\/1002\/revisions"}],"predecessor-version":[{"id":2390,"href":"https:\/\/www.officina29architetti.it\/en\/wp-json\/wp\/v2\/pages\/1002\/revisions\/2390"}],"wp:attachment":[{"href":"https:\/\/www.officina29architetti.it\/en\/wp-json\/wp\/v2\/media?parent=1002"}],"curies":[{"name":"wp","href":"https:\/\/api.w.org\/{rel}","templated":true}]}}